{"id":973,"date":"2016-08-22T11:45:33","date_gmt":"2016-08-22T10:45:33","guid":{"rendered":"http:\/\/www.caminoauceda.es\/?page_id=973"},"modified":"2024-07-13T13:20:03","modified_gmt":"2024-07-13T12:20:03","slug":"nuestra-biblioteca","status":"publish","type":"page","link":"https:\/\/www.caminoauceda.es\/?page_id=973","title":{"rendered":"Nuestra Biblioteca"},"content":{"rendered":"<p style=\"text-align: justify;\">Uno de los objetivos de esta p\u00e1gina es intentar dar a conocer todos aquellos documentos relacionados con la Villa de Uceda que podamos obtener, bien sean documentos hist\u00f3ricos, textos m\u00e1s actuales o libros de fotos&#8230;\u00a0Para ello hemos creado nuestra propia biblioteca, en ella iremos, poco a poco, incorporando los documentos que podamos ir obteniendo, pueden ser originales digitalizados, textos obtenidos de diversas fuentes&#8230;<\/p>\n<p style=\"text-align: justify;\">No queremos dejar de dar las gracias a todos los que nos han aportado documentos para incluir en esta secci\u00f3n, y esperamos seguir recibi\u00e9ndolos.<\/p>\n<p style=\"text-align: justify;\">A continuaci\u00f3n os dejamos el Cat\u00e1logo de publicaciones que tenemos, el cual intentaremos ir ampliando poco a poco. El cat\u00e1logo lo tenemos distribuido entre colecciones de documentos agrupados por un tema com\u00fan (como los &#8220;Sope\u00f1a&#8221; o los &#8220;Ap\u00e9ndices&#8221; al libro &#8220;Historia de Uceda&#8221;), o directamente acceso a libros en formato PDF como la &#8220;Loa a la Virgen de la Varga&#8221;.<\/p>\n<h2 style=\"text-align: center;\">Cat\u00e1logo General<\/h2>\n<h3 style=\"text-align: center;\">Colecciones<\/h3>\n<table style=\"border: none; background: transparent;\" cellspacing=\"3\" cellpadding=\"3\" align=\"center\">\n<tbody>\n<tr>\n<td style=\"vertical-align: top; width: 33%; text-align: center; border: none; background: transparent;\">\n<h3><a title=\"\u201cEl Sope\u00f1a\u201d \u2013 Cat\u00e1logo\" href=\"http:\/\/www.caminoauceda.es\/?page_id=978\"><img loading=\"lazy\" decoding=\"async\" data-attachment-id=\"1020\" data-permalink=\"https:\/\/www.caminoauceda.es\/?attachment_id=1020\" data-orig-file=\"https:\/\/www.caminoauceda.es\/ucedablog\/wp-content\/uploads\/2016\/08\/libros_blanco.png\" data-orig-size=\"128,128\" data-comments-opened=\"1\" data-image-meta=\"{&quot;aperture&quot;:&quot;0&quot;,&quot;credit&quot;:&quot;&quot;,&quot;camera&quot;:&quot;&quot;,&quot;caption&quot;:&quot;&quot;,&quot;created_timestamp&quot;:&quot;0&quot;,&quot;copyright&quot;:&quot;&quot;,&quot;focal_length&quot;:&quot;0&quot;,&quot;iso&quot;:&quot;0&quot;,&quot;shutter_speed&quot;:&quot;0&quot;,&quot;title&quot;:&quot;&quot;}\" data-image-title=\"libros_blanco\" data-image-description=\"\" data-image-caption=\"\" data-medium-file=\"https:\/\/www.caminoauceda.es\/ucedablog\/wp-content\/uploads\/2016\/08\/libros_blanco.png\" data-large-file=\"https:\/\/www.caminoauceda.es\/ucedablog\/wp-content\/uploads\/2016\/08\/libros_blanco.png\" tabindex=\"0\" role=\"button\" class=\"aligncenter size-full wp-image-1020\" title=\"El Sope\u00f1a\" src=\"http:\/\/www.caminoauceda.es\/ucedablog\/wp-content\/uploads\/2016\/08\/libros_blanco.png\" alt=\"El Sope\u00f1a\" width=\"128\" height=\"128\" \/>El Sope\u00f1a<\/a><\/h3>\n<\/td>\n<td style=\"vertical-align: top; width: 33%; text-align: center; border: none; background: transparent;\">\n<h3><a title=\"Ap\u00e9ndices del libro \u201cHistoria de Uceda\u201d\" href=\"http:\/\/www.caminoauceda.es\/?page_id=982\"><img loading=\"lazy\" decoding=\"async\" data-attachment-id=\"1020\" data-permalink=\"https:\/\/www.caminoauceda.es\/?attachment_id=1020\" data-orig-file=\"https:\/\/www.caminoauceda.es\/ucedablog\/wp-content\/uploads\/2016\/08\/libros_blanco.png\" data-orig-size=\"128,128\" data-comments-opened=\"1\" data-image-meta=\"{&quot;aperture&quot;:&quot;0&quot;,&quot;credit&quot;:&quot;&quot;,&quot;camera&quot;:&quot;&quot;,&quot;caption&quot;:&quot;&quot;,&quot;created_timestamp&quot;:&quot;0&quot;,&quot;copyright&quot;:&quot;&quot;,&quot;focal_length&quot;:&quot;0&quot;,&quot;iso&quot;:&quot;0&quot;,&quot;shutter_speed&quot;:&quot;0&quot;,&quot;title&quot;:&quot;&quot;}\" data-image-title=\"libros_blanco\" data-image-description=\"\" data-image-caption=\"\" data-medium-file=\"https:\/\/www.caminoauceda.es\/ucedablog\/wp-content\/uploads\/2016\/08\/libros_blanco.png\" data-large-file=\"https:\/\/www.caminoauceda.es\/ucedablog\/wp-content\/uploads\/2016\/08\/libros_blanco.png\" tabindex=\"0\" role=\"button\" class=\"aligncenter size-full wp-image-1020\" title=\"Historia de Uceda - Ap\u00e9ndices\" src=\"http:\/\/www.caminoauceda.es\/ucedablog\/wp-content\/uploads\/2016\/08\/libros_blanco.png\" alt=\"Historia de Uceda - Ap\u00e9ndices\" width=\"128\" height=\"128\" \/>&#8220;Historia de Uceda&#8221;<\/a><br \/><a title=\"Ap\u00e9ndices del libro \u201cHistoria de Uceda\u201d\" href=\"http:\/\/www.caminoauceda.es\/?page_id=982\"> Ap\u00e9ndices<\/a><\/h3>\n<\/td>\n<td style=\"vertical-align: top; width: 33%; text-align: center; border: none; background: transparent;\">\n<h3><a title=\"Los programas de las Fiestas de Uceda\" href=\"http:\/\/www.caminoauceda.es\/?page_id=1044\"><img loading=\"lazy\" decoding=\"async\" data-attachment-id=\"1020\" data-permalink=\"https:\/\/www.caminoauceda.es\/?attachment_id=1020\" data-orig-file=\"https:\/\/www.caminoauceda.es\/ucedablog\/wp-content\/uploads\/2016\/08\/libros_blanco.png\" data-orig-size=\"128,128\" data-comments-opened=\"1\" data-image-meta=\"{&quot;aperture&quot;:&quot;0&quot;,&quot;credit&quot;:&quot;&quot;,&quot;camera&quot;:&quot;&quot;,&quot;caption&quot;:&quot;&quot;,&quot;created_timestamp&quot;:&quot;0&quot;,&quot;copyright&quot;:&quot;&quot;,&quot;focal_length&quot;:&quot;0&quot;,&quot;iso&quot;:&quot;0&quot;,&quot;shutter_speed&quot;:&quot;0&quot;,&quot;title&quot;:&quot;&quot;}\" data-image-title=\"libros_blanco\" data-image-description=\"\" data-image-caption=\"\" data-medium-file=\"https:\/\/www.caminoauceda.es\/ucedablog\/wp-content\/uploads\/2016\/08\/libros_blanco.png\" data-large-file=\"https:\/\/www.caminoauceda.es\/ucedablog\/wp-content\/uploads\/2016\/08\/libros_blanco.png\" tabindex=\"0\" role=\"button\" class=\"aligncenter size-full wp-image-1020\" title=\"Historia de Uceda - Ap\u00e9ndices\" src=\"http:\/\/www.caminoauceda.es\/ucedablog\/wp-content\/uploads\/2016\/08\/libros_blanco.png\" alt=\"Historia de Uceda - Ap\u00e9ndices\" width=\"128\" height=\"128\" \/>Programas de Fiestas<\/a><\/h3>\n<\/td>\n<\/tr>\n<\/tbody>\n<\/table>\n<h3 style=\"text-align: center;\">Libros<\/h3>\n<table style=\"border: none; background: transparent;\" cellspacing=\"3\" cellpadding=\"3\" align=\"center\">\n<tbody>\n<tr>\n<td style=\"vertical-align: bottom; width: 33%; text-align: center; border: none; background: transparent;\">\n<h3><a title=\"&quot;Loa a la Virgen de la Varga&quot;\" href=\"http:\/\/www.caminoauceda.es\/ucedablog\/wp-content\/uploads\/2016\/03\/Loa-a-la-Virgen-de-la-Varga.pdf\" target=\"_blank\" rel=\"noopener\"><img loading=\"lazy\" decoding=\"async\" data-attachment-id=\"1021\" data-permalink=\"https:\/\/www.caminoauceda.es\/?attachment_id=1021\" data-orig-file=\"https:\/\/www.caminoauceda.es\/ucedablog\/wp-content\/uploads\/2016\/08\/libro_blanco.png\" data-orig-size=\"128,128\" data-comments-opened=\"1\" data-image-meta=\"{&quot;aperture&quot;:&quot;0&quot;,&quot;credit&quot;:&quot;&quot;,&quot;camera&quot;:&quot;&quot;,&quot;caption&quot;:&quot;&quot;,&quot;created_timestamp&quot;:&quot;0&quot;,&quot;copyright&quot;:&quot;&quot;,&quot;focal_length&quot;:&quot;0&quot;,&quot;iso&quot;:&quot;0&quot;,&quot;shutter_speed&quot;:&quot;0&quot;,&quot;title&quot;:&quot;&quot;}\" data-image-title=\"\" data-image-description=\"\" data-image-caption=\"\" data-medium-file=\"https:\/\/www.caminoauceda.es\/ucedablog\/wp-content\/uploads\/2016\/08\/libro_blanco.png\" data-large-file=\"https:\/\/www.caminoauceda.es\/ucedablog\/wp-content\/uploads\/2016\/08\/libro_blanco.png\" tabindex=\"0\" role=\"button\" class=\"aligncenter size-full wp-image-1021\" title=\"Loa a la Virgen de la Varga\" src=\"http:\/\/www.caminoauceda.es\/ucedablog\/wp-content\/uploads\/2016\/08\/libro_blanco.png\" alt=\"Loa a la Virgen de la Varga\" width=\"128\" height=\"128\" \/>&#8220;Loa a la Virgen de la Varga&#8221;<\/a><\/h3>\n<\/td>\n<td style=\"vertical-align: bottom; width: 33%; text-align: center; border: none; background: transparent;\">\n<p><a href=\"https:\/\/www.caminoauceda.es\/libro\/libros\/Historia_de_Uceda.pdf\" target=\"_blank\" rel=\"noopener\"><img loading=\"lazy\" decoding=\"async\" data-attachment-id=\"1021\" data-permalink=\"https:\/\/www.caminoauceda.es\/?attachment_id=1021\" data-orig-file=\"https:\/\/www.caminoauceda.es\/ucedablog\/wp-content\/uploads\/2016\/08\/libro_blanco.png\" data-orig-size=\"128,128\" data-comments-opened=\"1\" data-image-meta=\"{&quot;aperture&quot;:&quot;0&quot;,&quot;credit&quot;:&quot;&quot;,&quot;camera&quot;:&quot;&quot;,&quot;caption&quot;:&quot;&quot;,&quot;created_timestamp&quot;:&quot;0&quot;,&quot;copyright&quot;:&quot;&quot;,&quot;focal_length&quot;:&quot;0&quot;,&quot;iso&quot;:&quot;0&quot;,&quot;shutter_speed&quot;:&quot;0&quot;,&quot;title&quot;:&quot;&quot;}\" data-image-title=\"\" data-image-description=\"\" data-image-caption=\"\" data-medium-file=\"https:\/\/www.caminoauceda.es\/ucedablog\/wp-content\/uploads\/2016\/08\/libro_blanco.png\" data-large-file=\"https:\/\/www.caminoauceda.es\/ucedablog\/wp-content\/uploads\/2016\/08\/libro_blanco.png\" tabindex=\"0\" role=\"button\" class=\"aligncenter size-full wp-image-1021\" src=\"http:\/\/www.caminoauceda.es\/ucedablog\/wp-content\/uploads\/2016\/08\/libro_blanco.png\" alt=\"\" width=\"128\" height=\"128\" \/><\/a><\/p>\n<h3><a href=\"https:\/\/www.caminoauceda.es\/libro\/libros\/Historia_de_Uceda.pdf\" target=\"_blank\" rel=\"noopener\">Historia de Uceda<\/a><\/h3>\n<\/td>\n<td style=\"vertical-align: bottom; width: 33%; text-align: center; border: none; background: transparent;\">\u00a0<\/td>\n<\/tr>\n<\/tbody>\n<\/table>\n\n\n<p><\/p>\n","protected":false},"excerpt":{"rendered":"<p>Uno de los objetivos de esta p\u00e1gina es intentar dar a conocer todos aquellos documentos relacionados con la Villa de Uceda que podamos obtener, bien sean documentos hist\u00f3ricos, textos m\u00e1s actuales o libros de fotos&#8230;\u00a0Para ello hemos creado nuestra propia biblioteca, en ella iremos, poco a poco, incorporando los documentos que podamos ir obteniendo, pueden [&hellip;]<\/p>\n","protected":false},"author":1,"featured_media":0,"parent":0,"menu_order":0,"comment_status":"closed","ping_status":"open","template":"","meta":{"jetpack_post_was_ever_published":false,"footnotes":""},"class_list":["post-973","page","type-page","status-publish","hentry"],"jetpack_sharing_enabled":true,"jetpack_shortlink":"https:\/\/wp.me\/PbLHLN-fH","jetpack-related-posts":[],"jetpack_likes_enabled":true,"_links":{"self":[{"href":"https:\/\/www.caminoauceda.es\/index.php?rest_route=\/wp\/v2\/pages\/973"}],"collection":[{"href":"https:\/\/www.caminoauceda.es\/index.php?rest_route=\/wp\/v2\/pages"}],"about":[{"href":"https:\/\/www.caminoauceda.es\/index.php?rest_route=\/wp\/v2\/types\/page"}],"author":[{"embeddable":true,"href":"https:\/\/www.caminoauceda.es\/index.php?rest_route=\/wp\/v2\/users\/1"}],"replies":[{"embeddable":true,"href":"https:\/\/www.caminoauceda.es\/index.php?rest_route=%2Fwp%2Fv2%2Fcomments&post=973"}],"version-history":[{"count":13,"href":"https:\/\/www.caminoauceda.es\/index.php?rest_route=\/wp\/v2\/pages\/973\/revisions"}],"predecessor-version":[{"id":1196,"href":"https:\/\/www.caminoauceda.es\/index.php?rest_route=\/wp\/v2\/pages\/973\/revisions\/1196"}],"wp:attachment":[{"href":"https:\/\/www.caminoauceda.es\/index.php?rest_route=%2Fwp%2Fv2%2Fmedia&parent=973"}],"curies":[{"name":"wp","href":"https:\/\/api.w.org\/{rel}","templated":true}]}}