{"id":968,"date":"2016-08-22T11:00:42","date_gmt":"2016-08-22T10:00:42","guid":{"rendered":"http:\/\/www.caminoauceda.es\/?page_id=968"},"modified":"2016-08-22T11:00:42","modified_gmt":"2016-08-22T10:00:42","slug":"visita-virtual-2","status":"publish","type":"page","link":"https:\/\/www.caminoauceda.es\/?page_id=968","title":{"rendered":"Visita Virtual"},"content":{"rendered":"<p style=\"text-align: justify;\">Una de las metas de esta web es dar a conocer el patrimonio de la Villa de Uceda, y una de las mejores formas que creemos hay para hacerlo es mostr\u00e1ndola de una forma algo diferente, mediante panor\u00e1micas de 360\u00ba.<\/p>\n<p style=\"text-align: justify;\">Este medio de mostrar los lugares actualmente est\u00e1 muy extendido y es relativamente f\u00e1cil crear una panor\u00e1mica de este estilo y luego publicarla en una web, aunque tenemos que decir que nosotros ya ten\u00edamos publicadas en internet algunas panor\u00e1micas de la Villa de Uceda antes del boom de este sistema que lleg\u00f3 con Google Street View, y de que los medios actuales, tanto fotogr\u00e1ficos como en internet, hubiesen avanzado tanto.<\/p>\n<p style=\"text-align: justify;\">Pero como hay que adaptarse a los tiempos, y las panor\u00e1micas que ten\u00edamos hoy en d\u00eda ya est\u00e1n desfasadas y son bastante mejorables, hemos decidido crear una nueva visita virtual, con panor\u00e1micas nuevas y de lugares en donde Google no ha entrado.<\/p>\n<p style=\"text-align: justify;\">Nace as\u00ed la &#8220;Visita virtual&#8221; de la Villa de Uceda, a la cual poco a poco iremos a\u00f1adiendo lugares, y algunos los iremos conectando entre si para intentar cubrir el mayor n\u00famero de sitios posibles, y de la manera m\u00e1s amplia.<\/p>\n<p style=\"text-align: justify;\">Esperamos que os guste.<\/p>\n<p><iframe loading=\"lazy\" src=\"https:\/\/roundme.com\/embed\/17366\" height=\"500\" width=\"100%\" allowfullscreen=\"\" frameborder=\"0\"><\/iframe><\/p>\n","protected":false},"excerpt":{"rendered":"<p>Una de las metas de esta web es dar a conocer el patrimonio de la Villa de Uceda, y una de las mejores formas que creemos hay para hacerlo es mostr\u00e1ndola de una forma algo diferente, mediante panor\u00e1micas de 360\u00ba. Este medio de mostrar los lugares actualmente est\u00e1 muy extendido y es relativamente f\u00e1cil crear [&hellip;]<\/p>\n","protected":false},"author":1,"featured_media":0,"parent":0,"menu_order":0,"comment_status":"closed","ping_status":"open","template":"","meta":{"jetpack_post_was_ever_published":false,"footnotes":""},"class_list":["post-968","page","type-page","status-publish","hentry"],"jetpack_sharing_enabled":true,"jetpack_shortlink":"https:\/\/wp.me\/PbLHLN-fC","jetpack-related-posts":[],"jetpack_likes_enabled":true,"_links":{"self":[{"href":"https:\/\/www.caminoauceda.es\/index.php?rest_route=\/wp\/v2\/pages\/968"}],"collection":[{"href":"https:\/\/www.caminoauceda.es\/index.php?rest_route=\/wp\/v2\/pages"}],"about":[{"href":"https:\/\/www.caminoauceda.es\/index.php?rest_route=\/wp\/v2\/types\/page"}],"author":[{"embeddable":true,"href":"https:\/\/www.caminoauceda.es\/index.php?rest_route=\/wp\/v2\/users\/1"}],"replies":[{"embeddable":true,"href":"https:\/\/www.caminoauceda.es\/index.php?rest_route=%2Fwp%2Fv2%2Fcomments&post=968"}],"version-history":[{"count":2,"href":"https:\/\/www.caminoauceda.es\/index.php?rest_route=\/wp\/v2\/pages\/968\/revisions"}],"predecessor-version":[{"id":970,"href":"https:\/\/www.caminoauceda.es\/index.php?rest_route=\/wp\/v2\/pages\/968\/revisions\/970"}],"wp:attachment":[{"href":"https:\/\/www.caminoauceda.es\/index.php?rest_route=%2Fwp%2Fv2%2Fmedia&parent=968"}],"curies":[{"name":"wp","href":"https:\/\/api.w.org\/{rel}","templated":true}]}}