{"id":21,"date":"2014-02-02T22:23:18","date_gmt":"2014-02-02T22:23:18","guid":{"rendered":"http:\/\/www.jcvdoble.es\/ucedablog\/?page_id=21"},"modified":"2016-08-23T07:08:41","modified_gmt":"2016-08-23T06:08:41","slug":"porqueunblog","status":"publish","type":"page","link":"https:\/\/www.caminoauceda.es\/?page_id=21","title":{"rendered":"\u00bfPor que un blog?"},"content":{"rendered":"<p style=\"text-align: justify;\">A primeros del a\u00f1o 1.999 nos planteamos el porqu\u00e9 no pod\u00edamos dar a conocer la Villa de Uceda en esa cosa que se llama internet, y nos pusimos a ello.<\/p>\n<p style=\"text-align: justify;\">Sin conocimientos previos de programaci\u00f3n de una web, pero con ganas de aprender, creamos la primera web sobre la Villa de Uceda, y el 26 de octubre del a\u00f1o 1.999 la pusimos en marcha, naci\u00f3 as\u00ed la direcci\u00f3n de internet\u00a0<strong>www.angelfire.com\/de2\/deporteycultura<\/strong>\u00a0.<\/p>\n<p style=\"text-align: justify;\">Un a\u00f1o m\u00e1s tarde, el 16 de octubre del a\u00f1o 2.000, la web pas\u00f3 a tener denominaci\u00f3n propia y creamos el dominio <strong>www.a-uceda.com<\/strong>.<\/p>\n<p style=\"text-align: justify;\">Desde esa fecha la p\u00e1gina web sufri\u00f3 dos lavados de cara, y varias incorporaciones importantes, como la visita virtual o la incorporaci\u00f3n de libros en formato web, pero tambi\u00e9n seg\u00fan pasaba los a\u00f1os y nos surg\u00edan otras labores a las que ten\u00edamos que prestar m\u00e1s atenci\u00f3n, \u00a0hemos ido dedic\u00e1ndole cada vez menos tiempo a su actualizaci\u00f3n hasta que lleg\u00f3 un momento en el que pr\u00e1cticamente no se incorporaba nada a la misma.<\/p>\n<p style=\"text-align: justify;\">Y lleg\u00f3 el d\u00eda en que tuvimos que tomar una decisi\u00f3n, por un lado porque quer\u00edamos retomar un poco la web, y por otro, a que el \u00fanico uso que est\u00e1bamos dando a la misma (la incorporaci\u00f3n de fotos) nos dejaba pr\u00e1cticamente sin espacio donde alojarlas.<\/p>\n<p style=\"text-align: justify;\">Si juntamos esto a que el no seguir los tr\u00e1mites como se est\u00e1n establecidos \u00a0a la hora de trasladar nuestro dominio a un nuevo lugar con m\u00e1s espacio nos ha dejado sin la web tal y como la conoc\u00edamos, y nos est\u00e1 privando de momento del uso de &#8220;nuestro nombre&#8221; nos ha &#8220;obligado&#8221; a tomar un rumbo nuevo en el trabajo a realizar y hemos tomado la decisi\u00f3n de dirigir el mismo hacia un \u00e1rea que hoy en d\u00eda est\u00e1 muy extendida, el uso de las redes sociales y los blog, algo que nos va a permitir ir incorporando informaci\u00f3n poco a poco, sin tener que haber finalizado toda la web antes de &#8220;ponerla en marcha&#8221;, y tambi\u00e9n porque nos permite interactuar con nuestros &#8220;lectores&#8221;. Este trabajo no quitar\u00e1 nuestra idea de tener apartados m\u00e1s &#8220;fijos&#8221; y que creemos que son muy interesantes de mantener, como nuestra biblioteca y nuestra visita virtual, que iremos haci\u00e9ndolos crecer poco a poco.<\/p>\n<p style=\"text-align: justify;\">Por ese motivo el 4 de febrero del 2.014 empieza a funcionar este blog, y asumimos una nueva identidad, &#8220;<strong>Camino a Uceda<\/strong>&#8220;, que quiere representar este nuevo trabajo que estamos realizando y que esperamos que os guste.<\/p>\n<p>Un saludo<br \/>\nJ.C.V.<\/p>\n","protected":false},"excerpt":{"rendered":"<p>A primeros del a\u00f1o 1.999 nos planteamos el porqu\u00e9 no pod\u00edamos dar a conocer la Villa de Uceda en esa cosa que se llama internet, y nos pusimos a ello. Sin conocimientos previos de programaci\u00f3n de una web, pero con ganas de aprender, creamos la primera web sobre la Villa de Uceda, y el 26 [&hellip;]<\/p>\n","protected":false},"author":1,"featured_media":0,"parent":0,"menu_order":0,"comment_status":"closed","ping_status":"open","template":"","meta":{"jetpack_post_was_ever_published":false,"footnotes":""},"class_list":["post-21","page","type-page","status-publish","hentry"],"jetpack_sharing_enabled":false,"jetpack_shortlink":"https:\/\/wp.me\/PbLHLN-l","jetpack-related-posts":[],"jetpack_likes_enabled":true,"_links":{"self":[{"href":"https:\/\/www.caminoauceda.es\/index.php?rest_route=\/wp\/v2\/pages\/21"}],"collection":[{"href":"https:\/\/www.caminoauceda.es\/index.php?rest_route=\/wp\/v2\/pages"}],"about":[{"href":"https:\/\/www.caminoauceda.es\/index.php?rest_route=\/wp\/v2\/types\/page"}],"author":[{"embeddable":true,"href":"https:\/\/www.caminoauceda.es\/index.php?rest_route=\/wp\/v2\/users\/1"}],"replies":[{"embeddable":true,"href":"https:\/\/www.caminoauceda.es\/index.php?rest_route=%2Fwp%2Fv2%2Fcomments&post=21"}],"version-history":[{"count":8,"href":"https:\/\/www.caminoauceda.es\/index.php?rest_route=\/wp\/v2\/pages\/21\/revisions"}],"predecessor-version":[{"id":992,"href":"https:\/\/www.caminoauceda.es\/index.php?rest_route=\/wp\/v2\/pages\/21\/revisions\/992"}],"wp:attachment":[{"href":"https:\/\/www.caminoauceda.es\/index.php?rest_route=%2Fwp%2Fv2%2Fmedia&parent=21"}],"curies":[{"name":"wp","href":"https:\/\/api.w.org\/{rel}","templated":true}]}}