{"id":995,"date":"2016-08-23T20:53:08","date_gmt":"2016-08-23T19:53:08","guid":{"rendered":"http:\/\/www.caminoauceda.es\/?page_id=995"},"modified":"2016-08-23T21:14:04","modified_gmt":"2016-08-23T20:14:04","slug":"galeria-fotografica","status":"publish","type":"page","link":"http:\/\/www.caminoauceda.es\/?page_id=995","title":{"rendered":"Galer\u00eda Fotogr\u00e1fica"},"content":{"rendered":"<p style=\"text-align: justify;\">Una de las mejores maneras de conocer un lugar es a trav\u00e9s de las fotograf\u00edas, y tambi\u00e9n es una de las mejores maneras de conocer su pasado reciente y m\u00e1s cotidiano, por eso iremos recogiendo en esta secci\u00f3n ambos \u00e1mbitos, por un lado colecciones de fotograf\u00edas &#8220;antiguas&#8221; y por otro el lado m\u00e1s actual.<\/p>\n<p style=\"text-align: justify;\">Aprovechamos para pediros vuestra colaboraci\u00f3n, y si ten\u00e9is fotograf\u00edas &#8220;antiguas&#8221; que quer\u00e1is compartir con nosotros, enviadnoslas y las incluiremos.<\/p>\n<h2 style=\"text-align: center;\">Colecciones<\/h2>\n<h3 style=\"text-align: center;\">Uceda en la memoria<\/h3>\n<table style=\"border: none; background: transparent;\" cellspacing=\"3\" cellpadding=\"3\" align=\"center\">\n<tbody>\n<tr>\n<td style=\"vertical-align: bottom; width: 33%; text-align: center; border: none; background: transparent;\">\n<h3><a title=\"Colecci\u00f3n Vicente Calleja\" href=\"http:\/\/www.caminoauceda.es\/?page_id=1029\"><img loading=\"lazy\" decoding=\"async\" data-attachment-id=\"1025\" data-permalink=\"http:\/\/www.caminoauceda.es\/?attachment_id=1025\" data-orig-file=\"http:\/\/www.caminoauceda.es\/ucedablog\/wp-content\/uploads\/2016\/08\/piladefotos.png\" data-orig-size=\"128,128\" data-comments-opened=\"1\" data-image-meta=\"{&quot;aperture&quot;:&quot;0&quot;,&quot;credit&quot;:&quot;&quot;,&quot;camera&quot;:&quot;&quot;,&quot;caption&quot;:&quot;&quot;,&quot;created_timestamp&quot;:&quot;0&quot;,&quot;copyright&quot;:&quot;&quot;,&quot;focal_length&quot;:&quot;0&quot;,&quot;iso&quot;:&quot;0&quot;,&quot;shutter_speed&quot;:&quot;0&quot;,&quot;title&quot;:&quot;&quot;}\" data-image-title=\"piladefotos\" data-image-description=\"\" data-image-caption=\"\" data-medium-file=\"http:\/\/www.caminoauceda.es\/ucedablog\/wp-content\/uploads\/2016\/08\/piladefotos.png\" data-large-file=\"http:\/\/www.caminoauceda.es\/ucedablog\/wp-content\/uploads\/2016\/08\/piladefotos.png\" tabindex=\"0\" role=\"button\" class=\"aligncenter size-full wp-image-1025\" alt=\"piladefotos\" src=\"http:\/\/www.caminoauceda.es\/ucedablog\/wp-content\/uploads\/2016\/08\/piladefotos.png\" width=\"128\" height=\"128\" \/>Colecci\u00f3n<\/a><br \/>\n<a title=\"Colecci\u00f3n Vicente Calleja\" href=\"http:\/\/www.caminoauceda.es\/?page_id=1029\"> Vicente Calleja<\/a><\/h3>\n<\/td>\n<td style=\"vertical-align: bottom; width: 33%; text-align: center; border: none; background: transparent;\">\n<h3><a title=\"Ap\u00e9ndices del libro \u201cHistoria de Uceda\u201d\" href=\"http:\/\/www.caminoauceda.es\/?page_id=982\">\u00a0<\/a><\/h3>\n<\/td>\n<td style=\"vertical-align: bottom; width: 33%; text-align: center; border: none; background: transparent;\"><\/td>\n<\/tr>\n<\/tbody>\n<\/table>\n<h3 style=\"text-align: center;\">Uceda actual<\/h3>\n<table style=\"border: none; background: transparent;\" cellspacing=\"3\" cellpadding=\"3\" align=\"center\">\n<tbody>\n<tr>\n<td style=\"vertical-align: bottom; width: 33%; text-align: center; border: none; background: transparent;\">\n<h3><a title=\"&quot;Loa a la Virgen de la Varga&quot;\" href=\"http:\/\/www.caminoauceda.es\/ucedablog\/wp-content\/uploads\/2016\/03\/Loa-a-la-Virgen-de-la-Varga.pdf\" target=\"_blank\">\u00a0<\/a><\/h3>\n<\/td>\n<td style=\"vertical-align: bottom; width: 33%; text-align: center; border: none; background: transparent;\"><\/td>\n<td style=\"vertical-align: bottom; width: 33%; text-align: center; border: none; background: transparent;\"><\/td>\n<\/tr>\n<\/tbody>\n<\/table>\n","protected":false},"excerpt":{"rendered":"<p>Una de las mejores maneras de conocer un lugar es a trav\u00e9s de las fotograf\u00edas, y tambi\u00e9n es una de las mejores maneras de conocer su pasado reciente y m\u00e1s cotidiano, por eso iremos recogiendo en esta secci\u00f3n ambos \u00e1mbitos, por un lado colecciones de fotograf\u00edas &#8220;antiguas&#8221; y por otro el lado m\u00e1s actual. Aprovechamos [&hellip;]<\/p>\n","protected":false},"author":1,"featured_media":0,"parent":0,"menu_order":0,"comment_status":"closed","ping_status":"open","template":"","meta":{"jetpack_post_was_ever_published":false,"footnotes":""},"class_list":["post-995","page","type-page","status-publish","hentry"],"jetpack_sharing_enabled":true,"jetpack_shortlink":"https:\/\/wp.me\/PbLHLN-g3","jetpack-related-posts":[],"jetpack_likes_enabled":true,"_links":{"self":[{"href":"http:\/\/www.caminoauceda.es\/index.php?rest_route=\/wp\/v2\/pages\/995"}],"collection":[{"href":"http:\/\/www.caminoauceda.es\/index.php?rest_route=\/wp\/v2\/pages"}],"about":[{"href":"http:\/\/www.caminoauceda.es\/index.php?rest_route=\/wp\/v2\/types\/page"}],"author":[{"embeddable":true,"href":"http:\/\/www.caminoauceda.es\/index.php?rest_route=\/wp\/v2\/users\/1"}],"replies":[{"embeddable":true,"href":"http:\/\/www.caminoauceda.es\/index.php?rest_route=%2Fwp%2Fv2%2Fcomments&post=995"}],"version-history":[{"count":6,"href":"http:\/\/www.caminoauceda.es\/index.php?rest_route=\/wp\/v2\/pages\/995\/revisions"}],"predecessor-version":[{"id":1037,"href":"http:\/\/www.caminoauceda.es\/index.php?rest_route=\/wp\/v2\/pages\/995\/revisions\/1037"}],"wp:attachment":[{"href":"http:\/\/www.caminoauceda.es\/index.php?rest_route=%2Fwp%2Fv2%2Fmedia&parent=995"}],"curies":[{"name":"wp","href":"https:\/\/api.w.org\/{rel}","templated":true}]}}