{"id":1097,"date":"2016-01-01T16:23:00","date_gmt":"2016-01-01T15:23:00","guid":{"rendered":"http:\/\/www.caminoauceda.es\/?page_id=1097"},"modified":"2020-03-08T16:41:34","modified_gmt":"2020-03-08T15:41:34","slug":"politica-de-privacidad","status":"publish","type":"page","link":"http:\/\/www.caminoauceda.es\/?page_id=1097","title":{"rendered":"Pol\u00edtica de privacidad"},"content":{"rendered":"\n<p><span style=\"color: #000000;\">Esta web solamente utiliza datos para suscripci\u00f3n a newsletters y actualizaciones de la p\u00e1gina (nuevo contenido).<\/span><\/p>\n\n\n\n<h3 class=\"wp-block-heading\"><strong><span style=\"color: #000000;\">Resumen \/ Informaci\u00f3n B\u00e1sica sobre Protecci\u00f3n de datos<\/span><\/strong><\/h3>\n\n\n\n<p><span style=\"color: #000000;\">Responsable: <strong>http:\/\/www.caminoauceda.es\/<\/strong><\/span><\/p>\n\n\n\n<p><span style=\"color: #000000;\">Finalidad: <strong>Gestionar el env\u00edo de informaci\u00f3n y nuevos art\u00edculos<\/strong><\/span><\/p>\n\n\n\n<p><span style=\"color: #000000;\">Legitimaci\u00f3n: <strong>Consentimiento del interesado<\/strong><\/span><\/p>\n\n\n\n<p><span style=\"color: #000000;\">Destinatarios: <strong>No se ceder\u00e1n datos a terceros, salvo obligaci\u00f3n legal<\/strong><\/span><\/p>\n\n\n\n<p><span style=\"color: #000000;\">Derechos: <strong>Acceder, rectificar y suprimir los datos, as\u00ed como otros derechos, como se explica en esta p\u00e1gina.<\/strong><\/span><\/p>\n\n\n\n<p><span style=\"color: #000000;\">Informaci\u00f3n adicional: <strong>Puede solicitarnos cualquier tipo de informaci\u00f3n adicional y detallada en cuanto al tratamiento de sus datos.<\/strong><\/span><\/p>\n\n\n\n<h3 class=\"wp-block-heading\"><strong><span style=\"color: #000000;\">\u00bfQui\u00e9n es el Responsable del tratamiento de sus datos?<\/span><\/strong><\/h3>\n\n\n\n<p><span style=\"color: #000000;\">Identidad: <strong>caminoauceda.es<\/strong><\/span><br><span style=\"color: #000000;\">Correo electr\u00f3nico: <strong>info@caminoauceda.es<\/strong><\/span><\/p>\n\n\n\n<h3 class=\"wp-block-heading\"><strong><span style=\"color: #000000;\">\u00bfCon qu\u00e9 finalidad tratamos sus datos personales?<\/span><\/strong><\/h3>\n\n\n\n<p><span style=\"color: #000000;\">En esta web tratamos la informaci\u00f3n que nos facilitan los suscriptores para enviarles nuevos art\u00edculos por medios electr\u00f3nicos.<\/span><\/p>\n\n\n\n<h3 class=\"wp-block-heading\"><strong><span style=\"color: #000000;\">\u00bfPor cu\u00e1nto tiempo conservaremos sus datos?<\/span><\/strong><\/h3>\n\n\n\n<p><span style=\"color: #000000;\">Los datos proporcionados se conservar\u00e1n mientras el interesado no solicite el cese de la actividad por cualquier medio de contacto (correo electr\u00f3nico, redes sociales, o en cualquier actualizaci\u00f3n electr\u00f3nica en el enlace \u201ccancelar suscripci\u00f3n\u201d ubicado al final de la misma).<\/span><\/p>\n\n\n\n<h3 class=\"wp-block-heading\"><strong><span style=\"color: #000000;\">\u00bfCu\u00e1l es la legitimaci\u00f3n para el tratamiento de sus datos?<\/span><\/strong><\/h3>\n\n\n\n<p><span style=\"color: #000000;\">La base legal para el tratamiento de sus datos es el consentimiento del interesado.<\/span><\/p>\n\n\n\n<h3 class=\"wp-block-heading\"><strong><span style=\"color: #000000;\">\u00bfA qu\u00e9 destinatarios se comunicar\u00e1n sus datos?<\/span><\/strong><\/h3>\n\n\n\n<p><strong>Camino a Uceda<\/strong><span style=\"color: #000000;\"> no intercambia datos con ninguna web o compa\u00f1\u00eda, salvo que sean necesarias para dar cumplimiento a una obligaci\u00f3n legal. De ser as\u00ed se comunicar\u00eda a todos sus usuarios.<\/span><\/p>\n\n\n\n<h3 class=\"wp-block-heading\"><strong><span style=\"color: #000000;\">\u00bfCu\u00e1les son sus derechos cuando nos facilita sus datos?<\/span><\/strong><\/h3>\n\n\n\n<p><span style=\"color: #000000;\">Cualquier persona tiene derecho a obtener confirmaci\u00f3n sobre si en esta web estamos tratando datos personales que les conciernan o no.<\/span><\/p>\n\n\n\n<p><span style=\"color: #000000;\">Las personas interesadas tienen derecho a acceder a sus datos personales, as\u00ed como a solicitar la rectificaci\u00f3n de los datos inexactos o, en su caso, solicitar su supresi\u00f3n cuando, entre otros motivos, los datos ya no sean necesarios para los fines que fueron recogidos.<\/span><\/p>\n\n\n\n<p><span style=\"color: #000000;\">En determinadas circunstancias, los interesados podr\u00e1n solicitar la limitaci\u00f3n del tratamiento de sus datos, en cuyo caso \u00fanicamente los conservaremos para el ejercicio o la defensa de reclamaciones.<\/span><\/p>\n\n\n\n<p><span style=\"color: #000000;\">En virtud del derecho a la portabilidad, los interesados tienen derecho a obtener los datos personales que les incumben en un formato estructurado de uso com\u00fan y lectura mec\u00e1nica y a transmitirlos a otro responsable.<\/span><\/p>\n\n\n\n<p><span style=\"color: #000000;\"><strong>Advertencia:<\/strong> Si tienes menos de catorce a\u00f1os y no has obtenido el consentimiento de tus padres, no puedes registrarte en la web por lo que procederemos a denegar su solicitud en caso de tener constancia de ello.<\/span><\/p>\n\n\n\n<h3 class=\"wp-block-heading\"><strong><span style=\"color: #000000;\">\u00bfC\u00f3mo se pueden ejercer los derechos?<\/span><\/strong><\/h3>\n\n\n\n<p><span style=\"color: #000000;\">Mediante un correo electr\u00f3nico, o comunicado por cualquier medio, adjuntando nombre de usuario y correo electr\u00f3nico con el que se registr\u00f3.<\/span><\/p>\n\n\n\n<h3 class=\"wp-block-heading\"><strong><span style=\"color: #000000;\">\u00bfQu\u00e9 v\u00edas de reclamaci\u00f3n existen?<\/span><\/strong><\/h3>\n\n\n\n<p><span style=\"color: #000000;\">Si considera que sus derechos no se han atendido debidamente, tiene derecho a presentar una reclamaci\u00f3n ante la Agencia Espa\u00f1ola de Protecci\u00f3n de Datos: <a href=\"https:\/\/www.agpd.es\" target=\"_blank\" rel=\"noopener noreferrer\">https:\/\/www.agpd.es<\/a><\/span><\/p>\n\n\n\n<p><span style=\"color: #000000;\">Enlaces:&nbsp;<\/span><a href=\"http:\/\/www.agpd.es\/portalwebAGPD\/temas\/reglamento\/index-ides-idphp.php\" target=\"_blank\" rel=\"noopener noreferrer\"><span style=\"color: #000000;\">Reglamento<\/span><\/a><\/p>\n","protected":false},"excerpt":{"rendered":"<p>Esta web solamente utiliza datos para suscripci\u00f3n a newsletters y actualizaciones de la p\u00e1gina (nuevo contenido). Resumen \/ Informaci\u00f3n B\u00e1sica sobre Protecci\u00f3n de datos Responsable: http:\/\/www.caminoauceda.es\/ Finalidad: Gestionar el env\u00edo de informaci\u00f3n y nuevos art\u00edculos Legitimaci\u00f3n: Consentimiento del interesado Destinatarios: No se ceder\u00e1n datos a terceros, salvo obligaci\u00f3n legal Derechos: Acceder, rectificar y suprimir los [&hellip;]<\/p>\n","protected":false},"author":1,"featured_media":0,"parent":0,"menu_order":0,"comment_status":"closed","ping_status":"closed","template":"","meta":{"jetpack_post_was_ever_published":false,"footnotes":""},"class_list":["post-1097","page","type-page","status-publish","hentry"],"jetpack_sharing_enabled":true,"jetpack_shortlink":"https:\/\/wp.me\/PbLHLN-hH","jetpack-related-posts":[],"jetpack_likes_enabled":true,"_links":{"self":[{"href":"http:\/\/www.caminoauceda.es\/index.php?rest_route=\/wp\/v2\/pages\/1097"}],"collection":[{"href":"http:\/\/www.caminoauceda.es\/index.php?rest_route=\/wp\/v2\/pages"}],"about":[{"href":"http:\/\/www.caminoauceda.es\/index.php?rest_route=\/wp\/v2\/types\/page"}],"author":[{"embeddable":true,"href":"http:\/\/www.caminoauceda.es\/index.php?rest_route=\/wp\/v2\/users\/1"}],"replies":[{"embeddable":true,"href":"http:\/\/www.caminoauceda.es\/index.php?rest_route=%2Fwp%2Fv2%2Fcomments&post=1097"}],"version-history":[{"count":6,"href":"http:\/\/www.caminoauceda.es\/index.php?rest_route=\/wp\/v2\/pages\/1097\/revisions"}],"predecessor-version":[{"id":1103,"href":"http:\/\/www.caminoauceda.es\/index.php?rest_route=\/wp\/v2\/pages\/1097\/revisions\/1103"}],"wp:attachment":[{"href":"http:\/\/www.caminoauceda.es\/index.php?rest_route=%2Fwp%2Fv2%2Fmedia&parent=1097"}],"curies":[{"name":"wp","href":"https:\/\/api.w.org\/{rel}","templated":true}]}}